{"id":11670,"date":"2024-10-11T01:41:12","date_gmt":"2024-10-11T00:41:12","guid":{"rendered":"https:\/\/offersiptv.com\/?page_id=11670"},"modified":"2025-01-08T15:17:20","modified_gmt":"2025-01-08T14:17:20","slug":"checkout-3","status":"publish","type":"page","link":"https:\/\/offersiptv.com\/pl\/checkout-3\/","title":{"rendered":"Checkout 3"},"content":{"rendered":"<div data-elementor-type=\"wp-page\" data-elementor-id=\"11670\" class=\"elementor elementor-11670\">\n\t\t\t\t<div class=\"elementor-element elementor-element-a9b147f e-flex e-con-boxed e-con e-parent\" data-id=\"a9b147f\" data-element_type=\"container\" data-e-type=\"container\" data-settings=\"{&quot;background_background&quot;:&quot;classic&quot;,&quot;position&quot;:&quot;absolute&quot;}\">\n\t\t\t\t\t<div class=\"e-con-inner\">\n\t\t<div class=\"elementor-element elementor-element-96d61d1 e-con-full e-flex e-con e-child\" data-id=\"96d61d1\" data-element_type=\"container\" data-e-type=\"container\">\n\t\t\t\t<div class=\"elementor-element elementor-element-600bf68 elementor-widget elementor-widget-image\" data-id=\"600bf68\" data-element_type=\"widget\" data-e-type=\"widget\" data-widget_type=\"image.default\">\n\t\t\t\t<div class=\"elementor-widget-container\">\n\t\t\t\t\t\t\t\t\t\t\t\t\t\t\t\t<a href=\"https:\/\/offersiptv.com\/pl\/\">\n\t\t\t\t\t\t\t<img decoding=\"async\" width=\"470\" height=\"79\" src=\"https:\/\/offersiptv.com\/wp-content\/uploads\/2024\/04\/Photo.Room_.png\" class=\"attachment-large size-large wp-image-9459\" alt=\"\" srcset=\"https:\/\/offersiptv.com\/wp-content\/uploads\/2024\/04\/Photo.Room_.png 470w, https:\/\/offersiptv.com\/wp-content\/uploads\/2024\/04\/Photo.Room_-300x50.png 300w\" sizes=\"(max-width: 470px) 100vw, 470px\" \/>\t\t\t\t\t\t\t\t<\/a>\n\t\t\t\t\t\t\t\t\t\t\t\t\t\t\t<\/div>\n\t\t\t\t<\/div>\n\t\t\t\t<div class=\"elementor-element elementor-element-3d58799 elementor-widget elementor-widget-ekit-nav-menu\" data-id=\"3d58799\" data-element_type=\"widget\" data-e-type=\"widget\" data-widget_type=\"ekit-nav-menu.default\">\n\t\t\t\t<div class=\"elementor-widget-container\">\n\t\t\t\t\t\t\t<nav class=\"ekit-wid-con ekit_menu_responsive_tablet\"\n\t\t\tdata-hamburger-icon=\"\"\n\t\t\tdata-hamburger-icon-type=\"icon\"\n\t\t\tdata-responsive-breakpoint=\"1024\">\n\t\t\t            <button class=\"elementskit-menu-hamburger elementskit-menu-toggler\"  type=\"button\" aria-label=\"hamburger-icon\">\n                                    <span class=\"elementskit-menu-hamburger-icon\"><\/span><span class=\"elementskit-menu-hamburger-icon\"><\/span><span class=\"elementskit-menu-hamburger-icon\"><\/span>\n                            <\/button>\n            <div id=\"ekit-megamenu-header-01\" class=\"elementskit-menu-container elementskit-menu-offcanvas-elements elementskit-navbar-nav-default ekit-nav-menu-one-page-no ekit-nav-dropdown-hover\"><ul id=\"menu-header-01\" class=\"elementskit-navbar-nav elementskit-menu-po-left submenu-click-on-icon\"><li id=\"menu-item-9406\" class=\"menu-item menu-item-type-post_type menu-item-object-page menu-item-home menu-item-9406 nav-item elementskit-mobile-builder-content\" data-vertical-menu=\"750px\"><a href=\"https:\/\/offersiptv.com\/pl\/\" class=\"ekit-menu-nav-link\">Strona Gl\u00f3wna<\/a><\/li>\n<li id=\"menu-item-9410\" class=\"menu-item menu-item-type-post_type menu-item-object-page menu-item-9410 nav-item elementskit-mobile-builder-content\" data-vertical-menu=\"750px\"><a href=\"https:\/\/offersiptv.com\/pl\/pricing\/\" class=\"ekit-menu-nav-link\">Plany Cenowe<\/a><\/li>\n<li id=\"menu-item-9407\" class=\"menu-item menu-item-type-post_type menu-item-object-page menu-item-9407 nav-item elementskit-mobile-builder-content\" data-vertical-menu=\"750px\"><a href=\"https:\/\/offersiptv.com\/pl\/channels-list\/\" class=\"ekit-menu-nav-link\">Lista kanal\u00f3w<\/a><\/li>\n<li id=\"menu-item-9419\" class=\"menu-item menu-item-type-custom menu-item-object-custom menu-item-9419 nav-item elementskit-mobile-builder-content\" data-vertical-menu=\"750px\"><a href=\"https:\/\/offersiptv.com\/pl\/#FAQs\" class=\"ekit-menu-nav-link\">FAQ<\/a><\/li>\n<li id=\"menu-item-9408\" class=\"menu-item menu-item-type-post_type menu-item-object-page menu-item-9408 nav-item elementskit-mobile-builder-content\" data-vertical-menu=\"750px\"><a href=\"https:\/\/offersiptv.com\/pl\/contact-us\/\" class=\"ekit-menu-nav-link\">Kontakt<\/a><\/li>\n<\/ul><div class=\"elementskit-nav-identity-panel\"><button class=\"elementskit-menu-close elementskit-menu-toggler\" type=\"button\">X<\/button><\/div><\/div>\n\t\t\t<div class=\"elementskit-menu-overlay elementskit-menu-offcanvas-elements elementskit-menu-toggler ekit-nav-menu--overlay\"><\/div>        <\/nav>\n\t\t\t\t\t\t<\/div>\n\t\t\t\t<\/div>\n\t\t\t\t<div class=\"elementor-element elementor-element-52c5061 elementor-hidden-tablet elementor-hidden-mobile elementor-widget elementor-widget-button\" data-id=\"52c5061\" data-element_type=\"widget\" data-e-type=\"widget\" data-widget_type=\"button.default\">\n\t\t\t\t<div class=\"elementor-widget-container\">\n\t\t\t\t\t\t\t\t\t<div class=\"elementor-button-wrapper\">\n\t\t\t\t\t<a class=\"elementor-button elementor-button-link elementor-size-sm elementor-animation-grow\" href=\"https:\/\/wa.me\/message\/D5FEAW7PSUJYD1\">\n\t\t\t\t\t\t<span class=\"elementor-button-content-wrapper\">\n\t\t\t\t\t\t<span class=\"elementor-button-icon\">\n\t\t\t\t<svg aria-hidden=\"true\" class=\"e-font-icon-svg e-fas-arrow-right\" viewbox=\"0 0 448 512\" xmlns=\"http:\/\/www.w3.org\/2000\/svg\"><path d=\"M190.5 66.9l22.2-22.2c9.4-9.4 24.6-9.4 33.9 0L441 239c9.4 9.4 9.4 24.6 0 33.9L246.6 467.3c-9.4 9.4-24.6 9.4-33.9 0l-22.2-22.2c-9.5-9.5-9.3-25 .4-34.3L311.4 296H24c-13.3 0-24-10.7-24-24v-32c0-13.3 10.7-24 24-24h287.4L190.9 101.2c-9.8-9.3-10-24.8-.4-34.3z\"><\/path><\/svg>\t\t\t<\/span>\n\t\t\t\t\t\t\t\t\t<span class=\"elementor-button-text\">WhatsApp<\/span>\n\t\t\t\t\t<\/span>\n\t\t\t\t\t<\/a>\n\t\t\t\t<\/div>\n\t\t\t\t\t\t\t\t<\/div>\n\t\t\t\t<\/div>\n\t\t\t\t<\/div>\n\t\t\t\t\t<\/div>\n\t\t\t\t<\/div>\n\t\t<div class=\"elementor-element elementor-element-0029b9f e-flex e-con-boxed e-con e-parent\" data-id=\"0029b9f\" data-element_type=\"container\" data-e-type=\"container\" data-settings=\"{&quot;background_background&quot;:&quot;classic&quot;}\">\n\t\t\t\t\t<div class=\"e-con-inner\">\n\t\t<div class=\"elementor-element elementor-element-b6492a9 e-con-full e-flex e-con e-child\" data-id=\"b6492a9\" data-element_type=\"container\" data-e-type=\"container\">\n\t\t\t\t<div class=\"elementor-element elementor-element-d2beb2f elementor-widget elementor-widget-heading\" data-id=\"d2beb2f\" data-element_type=\"widget\" data-e-type=\"widget\" data-widget_type=\"heading.default\">\n\t\t\t\t<div class=\"elementor-widget-container\">\n\t\t\t\t\t<h2 class=\"elementor-heading-title elementor-size-default\"> Strona kasy<\/h2>\t\t\t\t<\/div>\n\t\t\t\t<\/div>\n\t\t\t\t<\/div>\n\t\t<div class=\"elementor-element elementor-element-55ce55e e-con-full e-flex e-con e-child\" data-id=\"55ce55e\" data-element_type=\"container\" data-e-type=\"container\">\n\t\t<div class=\"elementor-element elementor-element-db7bd7f e-con-full e-flex e-con e-child\" data-id=\"db7bd7f\" data-element_type=\"container\" data-e-type=\"container\" data-settings=\"{&quot;background_background&quot;:&quot;classic&quot;}\">\n\t\t<div class=\"elementor-element elementor-element-e7a506d e-con-full e-flex e-con e-child\" data-id=\"e7a506d\" data-element_type=\"container\" data-e-type=\"container\">\n\t\t\t\t<div class=\"elementor-element elementor-element-6744deb elementor-widget elementor-widget-heading\" data-id=\"6744deb\" data-element_type=\"widget\" data-e-type=\"widget\" data-widget_type=\"heading.default\">\n\t\t\t\t<div class=\"elementor-widget-container\">\n\t\t\t\t\t<h2 class=\"elementor-heading-title elementor-size-default\">Informacje Rozliczeniowe<\/h2>\t\t\t\t<\/div>\n\t\t\t\t<\/div>\n\t\t\t\t<div class=\"elementor-element elementor-element-dc8d52b elementor-widget elementor-widget-shortcode\" data-id=\"dc8d52b\" data-element_type=\"widget\" data-e-type=\"widget\" data-widget_type=\"shortcode.default\">\n\t\t\t\t<div class=\"elementor-widget-container\">\n\t\t\t\t\t\t\t<div class=\"elementor-shortcode\"><div class=\"forminator-ui forminator-custom-form forminator-custom-form-11679 forminator-design--flat  forminator_ajax\" data-forminator-render=\"0\" data-form=\"forminator-module-11679\" data-uid=\"69f331d30886c\"><br\/><\/div><form\n\t\t\t\tid=\"forminator-module-11679\"\n\t\t\t\tclass=\"forminator-ui forminator-custom-form forminator-custom-form-11679 forminator-design--flat  forminator_ajax\"\n\t\t\t\tmethod=\"post\"\n\t\t\t\tdata-forminator-render=\"0\"\n\t\t\t\tdata-form-id=\"11679\"\n\t\t\t\t data-color-option=\"default\" data-design=\"flat\" data-grid=\"open\" style=\"display: none;\"\n\t\t\t\tdata-uid=\"69f331d30886c\" action=\"\"\n\t\t\t><div role=\"alert\" aria-live=\"polite\" class=\"forminator-response-message forminator-error\" aria-hidden=\"true\"><\/div><div class=\"forminator-row\"><div id=\"name-1\" class=\"forminator-field-name forminator-col forminator-col-12\"><div class=\"forminator-row forminator-no-margin\" data-multiple=\"true\"><div class=\"forminator-col forminator-col-md-6\"><div class=\"forminator-field\"><input type=\"text\" name=\"name-1-first-name\" placeholder=\"Imi\u0119\" id=\"forminator-field-first-name-1_69f331d30886c\" class=\"forminator-input\" aria-required=\"true\" data-multi=\"1\" autocomplete=\"given-name\" value=\"\" \/><\/div><\/div><div class=\"forminator-col forminator-col-md-6\"><div class=\"forminator-field\"><input type=\"text\" name=\"name-1-last-name\" placeholder=\"Nazwisko\" id=\"forminator-field-last-name-1_69f331d30886c\" class=\"forminator-input\" aria-required=\"true\" data-multi=\"1\" autocomplete=\"family-name\" value=\"\" \/><\/div><\/div><\/div><\/div><\/div><div class=\"forminator-row\"><div id=\"email-1\" class=\"forminator-field-email forminator-col forminator-col-12\"><div class=\"forminator-field\"><input type=\"email\" name=\"email-1\" value=\"\" placeholder=\"Adres e-mail\" id=\"forminator-field-email-1_69f331d30886c\" class=\"forminator-input forminator-email--field\" data-required=\"1\" aria-required=\"true\" autocomplete=\"email\" \/><\/div><\/div><\/div><div class=\"forminator-row\"><div id=\"phone-1\" class=\"forminator-field-phone forminator-col forminator-col-12\"><div class=\"forminator-field\"><input type=\"text\" name=\"phone-1\" value=\"\" placeholder=\"Phone Number\" id=\"forminator-field-phone-1_69f331d30886c\" class=\"forminator-input forminator-field--phone\" data-required=\"1\" aria-required=\"true\" autocomplete=\"off\" data-national_mode=\"disabled\" data-country=\"gb\" data-validation=\"international\" \/><\/div><\/div><\/div><div class=\"forminator-row\"><div id=\"name-2\" class=\"forminator-field-name forminator-col forminator-col-12\"><div class=\"forminator-field\"><input type=\"text\" name=\"name-2\" value=\"\" placeholder=\"Urz\u0105dzenie (opcjonalnie)\" id=\"forminator-field-name-2_69f331d30886c\" class=\"forminator-input forminator-name--field\" aria-required=\"false\" autocomplete=\"name\" \/><\/div><\/div><\/div><div class=\"forminator-row\"><div id=\"select-1\" class=\"forminator-field-select forminator-col forminator-col-12\"><div class=\"forminator-field\"><select  id=\"forminator-form-11679__field--select-1_69f331d30886c\" class=\"forminator-select--field forminator-select2 forminator-select2-multiple\" data-required=\"1\" name=\"select-1\" data-default-value=\"\" data-hidden-behavior=\"zero\" data-placeholder=\"Select Your Subscription\" data-search=\"false\" data-search-placeholder=\"Select Your Subscription\" data-checkbox=\"false\" data-allow-clear=\"false\" aria-labelledby=\"forminator-form-11679__field--select-1_69f331d30886c-label\"><option value=\"\"  >Wybierz swoj\u0105 subskrypcj\u0119<\/option><option value=\"32\"  data-calculation=\"32.00\">1 miesi\u0105c (3 urz\u0105dzenia)<\/option><option value=\"63\"  data-calculation=\"63.00\">3 miesi\u0105ce (3 urz\u0105dzenia)<\/option><option value=\"99\"  data-calculation=\"99.00\">6 miesi\u0105cy (3 urz\u0105dzenia)<\/option><option value=\"149\"  data-calculation=\"149.00\">1 rok  (3 urz\u0105dzenia)<\/option><option value=\"36\"  data-calculation=\"36.00\">1 miesi\u0105c (4 urz\u0105dzenia)<\/option><option value=\"76\"  data-calculation=\"76.00\">3 miesi\u0105ce ( 4 urz\u0105dzenia )<\/option><option value=\"120\"  data-calculation=\"120.00\">6 miesi\u0119cy ( 4 urz\u0105dzenia )<\/option><option value=\"181\"  data-calculation=\"181.00\">1 rok  ( 4 urz\u0105dzenia )<\/option><\/select><\/div><\/div><\/div><div class=\"forminator-row\"><div id=\"name-3\" class=\"forminator-field-name forminator-col forminator-col-12\"><div class=\"forminator-field\"><label for=\"forminator-field-name-3_69f331d30886c\" id=\"forminator-field-name-3_69f331d30886c-label\" class=\"forminator-label\">Dostawa za po\u015brednictwem<\/label><input type=\"text\" name=\"name-3\" value=\"\" placeholder=\"(E-mail lub WhatsApp)\" id=\"forminator-field-name-3_69f331d30886c\" class=\"forminator-input forminator-name--field\" aria-required=\"false\" autocomplete=\"name\" \/><\/div><\/div><\/div><div class=\"forminator-row\"><div id=\"calculation-1\" class=\"forminator-field-calculation forminator-col forminator-col-12\"><div class=\"forminator-field\"><label for=\"calculation-1-field_69f331d30886c\" id=\"calculation-1-field_69f331d30886c-label\" class=\"forminator-label\">\u0141\u0105czny<\/label><div class=\"forminator-input forminator-input-with-prefix\"><span class=\"forminator-prefix\">\u20ac<\/span><input type=\"text\" name=\"calculation-1\" value=\"\" id=\"calculation-1-field_69f331d30886c\" class=\"forminator-calculation\" data-formula=\"{select-1}\" data-required=\"\" data-decimal-point=\".\" data-precision=\"2\" data-is-hidden=\"\" disabled=\"disabled\" data-decimals=\"2\" data-inputmask=\"&#039;groupSeparator&#039;: &#039;&#039;, &#039;radixPoint&#039;: &#039;.&#039;, &#039;digits&#039;: &#039;2&#039;\" readonly=\"readonly\" data-hidden-behavior=\"zero\" \/><span class=\"forminator-suffix\"><\/span><\/div><\/div><\/div><\/div><div class=\"forminator-row forminator-hidden\"><\/div><input type=\"hidden\" name=\"referer_url\" value=\"\" \/><div class=\"forminator-row forminator-row-last\"><div class=\"forminator-col\"><div class=\"forminator-field\"><button class=\"forminator-button forminator-button-submit\">Wy\u015blij wiadomo\u015b\u0107<\/button><\/div><\/div><\/div><input type=\"hidden\" id=\"forminator_nonce\" name=\"forminator_nonce\" value=\"495fc476b5\" \/><input type=\"hidden\" name=\"_wp_http_referer\" value=\"\/pl\/wp-json\/wp\/v2\/pages\/11670\" \/><input type=\"hidden\" name=\"form_id\" value=\"11679\"><input type=\"hidden\" name=\"page_id\" value=\"11670\"><input type=\"hidden\" name=\"form_type\" value=\"default\"><input type=\"hidden\" name=\"current_url\" value=\"https:\/\/offersiptv.com\/pl\/checkout-3\/\"><input type=\"hidden\" name=\"render_id\" value=\"0\"><input type=\"hidden\" name=\"action\" value=\"forminator_submit_form_custom-forms\"><input type=\"hidden\" name=\"trp-form-language\" value=\"pl\"\/><\/form><\/div>\n\t\t\t\t\t\t<\/div>\n\t\t\t\t<\/div>\n\t\t\t\t<\/div>\n\t\t\t\t<\/div>\n\t\t\t\t<\/div>\n\t\t\t\t\t<\/div>\n\t\t\t\t<\/div>\n\t\t<div class=\"elementor-element elementor-element-463cd7f e-flex e-con-boxed e-con e-parent\" data-id=\"463cd7f\" data-element_type=\"container\" data-e-type=\"container\" data-settings=\"{&quot;background_background&quot;:&quot;classic&quot;}\">\n\t\t\t\t\t<div class=\"e-con-inner\">\n\t\t<div class=\"elementor-element elementor-element-96ac446 e-con-full e-flex e-con e-child\" data-id=\"96ac446\" data-element_type=\"container\" data-e-type=\"container\" data-settings=\"{&quot;background_background&quot;:&quot;classic&quot;}\">\n\t\t<div class=\"elementor-element elementor-element-eb364d3 e-con-full e-flex e-con e-child\" data-id=\"eb364d3\" data-element_type=\"container\" data-e-type=\"container\">\n\t\t\t\t<div class=\"elementor-element elementor-element-888067e elementor-position-top elementor-widget elementor-widget-image-box\" data-id=\"888067e\" data-element_type=\"widget\" data-e-type=\"widget\" data-widget_type=\"image-box.default\">\n\t\t\t\t<div class=\"elementor-widget-container\">\n\t\t\t\t\t<div class=\"elementor-image-box-wrapper\"><figure class=\"elementor-image-box-img\"><img decoding=\"async\" width=\"220\" height=\"196\" src=\"https:\/\/offersiptv.com\/wp-content\/uploads\/2024\/05\/logo-proo.png\" class=\"attachment-full size-full wp-image-10973\" alt=\"\" \/><\/figure><div class=\"elementor-image-box-content\"><h3 class=\"elementor-image-box-title\">Wsparcie 24\/7!<\/h3><p class=\"elementor-image-box-description\">Zawsze do Twojej dyspozycji ze wsparciem 24\/7!<\/p><\/div><\/div>\t\t\t\t<\/div>\n\t\t\t\t<\/div>\n\t\t\t\t<\/div>\n\t\t<div class=\"elementor-element elementor-element-c120634 e-con-full e-flex e-con e-child\" data-id=\"c120634\" data-element_type=\"container\" data-e-type=\"container\">\n\t\t\t\t<div class=\"elementor-element elementor-element-a59cd7d elementor-icon-list--layout-traditional elementor-list-item-link-full_width elementor-widget elementor-widget-icon-list\" data-id=\"a59cd7d\" data-element_type=\"widget\" data-e-type=\"widget\" data-widget_type=\"icon-list.default\">\n\t\t\t\t<div class=\"elementor-widget-container\">\n\t\t\t\t\t\t\t<ul class=\"elementor-icon-list-items\">\n\t\t\t\t\t\t\t<li class=\"elementor-icon-list-item\">\n\t\t\t\t\t\t\t\t\t\t\t<span class=\"elementor-icon-list-icon\">\n\t\t\t\t\t\t\t<i aria-hidden=\"true\" class=\"icon icon-protected-content-v3\"><\/i>\t\t\t\t\t\t<\/span>\n\t\t\t\t\t\t\t\t\t\t<span class=\"elementor-icon-list-text\">100% bezpieczne transakcje<\/span>\n\t\t\t\t\t\t\t\t\t<\/li>\n\t\t\t\t\t\t\t\t<li class=\"elementor-icon-list-item\">\n\t\t\t\t\t\t\t\t\t\t\t<span class=\"elementor-icon-list-icon\">\n\t\t\t\t\t\t\t<i aria-hidden=\"true\" class=\"icon icon-save-money\"><\/i>\t\t\t\t\t\t<\/span>\n\t\t\t\t\t\t\t\t\t\t<span class=\"elementor-icon-list-text\">100% gwarancja zwrotu pieni\u0119dzy <\/span>\n\t\t\t\t\t\t\t\t\t<\/li>\n\t\t\t\t\t\t<\/ul>\n\t\t\t\t\t\t<\/div>\n\t\t\t\t<\/div>\n\t\t\t\t<div class=\"elementor-element elementor-element-dd8ce97 elementor-widget elementor-widget-image-carousel\" data-id=\"dd8ce97\" data-element_type=\"widget\" data-e-type=\"widget\" data-settings=\"{&quot;slides_to_show&quot;:&quot;3&quot;,&quot;slides_to_show_tablet&quot;:&quot;3&quot;,&quot;slides_to_show_mobile&quot;:&quot;3&quot;,&quot;navigation&quot;:&quot;none&quot;,&quot;autoplay_speed&quot;:9000,&quot;speed&quot;:800,&quot;autoplay&quot;:&quot;yes&quot;,&quot;pause_on_hover&quot;:&quot;yes&quot;,&quot;pause_on_interaction&quot;:&quot;yes&quot;,&quot;image_spacing_custom&quot;:{&quot;unit&quot;:&quot;px&quot;,&quot;size&quot;:20,&quot;sizes&quot;:[]},&quot;image_spacing_custom_tablet&quot;:{&quot;unit&quot;:&quot;px&quot;,&quot;size&quot;:&quot;&quot;,&quot;sizes&quot;:[]},&quot;image_spacing_custom_mobile&quot;:{&quot;unit&quot;:&quot;px&quot;,&quot;size&quot;:&quot;&quot;,&quot;sizes&quot;:[]}}\" data-widget_type=\"image-carousel.default\">\n\t\t\t\t<div class=\"elementor-widget-container\">\n\t\t\t\t\t\t\t<div class=\"elementor-image-carousel-wrapper swiper\" role=\"region\" aria-roledescription=\"carousel\" aria-label=\"Image Carousel\" dir=\"rtl\">\n\t\t\t<div class=\"elementor-image-carousel swiper-wrapper\" aria-live=\"off\">\n\t\t\t\t\t\t\t\t<div class=\"swiper-slide\" role=\"group\" aria-roledescription=\"slide\" aria-label=\"1 z 3\" data-no-translation-aria-label=\"\"><figure class=\"swiper-slide-inner\"><img decoding=\"async\" class=\"swiper-slide-image\" src=\"https:\/\/offersiptv.com\/wp-content\/uploads\/2024\/05\/Visa.-logo.-pro-300x187.png\" alt=\"Visa. logo. pro\" \/><\/figure><\/div><div class=\"swiper-slide\" role=\"group\" aria-roledescription=\"slide\" aria-label=\"2 z 3\" data-no-translation-aria-label=\"\"><figure class=\"swiper-slide-inner\"><img decoding=\"async\" class=\"swiper-slide-image\" src=\"https:\/\/offersiptv.com\/wp-content\/uploads\/2024\/05\/mastercard.-logo-300x189.png\" alt=\"mastercard. logo\" \/><\/figure><\/div><div class=\"swiper-slide\" role=\"group\" aria-roledescription=\"slide\" aria-label=\"3 z 3\" data-no-translation-aria-label=\"\"><figure class=\"swiper-slide-inner\"><img decoding=\"async\" class=\"swiper-slide-image\" src=\"https:\/\/offersiptv.com\/wp-content\/uploads\/2024\/05\/paypal.-logo-300x192.png\" alt=\"paypal. logo\" \/><\/figure><\/div>\t\t\t<\/div>\n\t\t\t\t\t\t\t\n\t\t\t\t\t\t\t\t\t<\/div>\n\t\t\t\t\t\t<\/div>\n\t\t\t\t<\/div>\n\t\t\t\t<\/div>\n\t\t\t\t<\/div>\n\t\t<div class=\"elementor-element elementor-element-b7f5091 e-con-full e-flex e-con e-child\" data-id=\"b7f5091\" data-element_type=\"container\" data-e-type=\"container\">\n\t\t\t\t<div class=\"elementor-element elementor-element-ab1c1a2 elementor-widget elementor-widget-text-editor\" data-id=\"ab1c1a2\" data-element_type=\"widget\" data-e-type=\"widget\" data-widget_type=\"text-editor.default\">\n\t\t\t\t<div class=\"elementor-widget-container\">\n\t\t\t\t\t\t\t\t\t<div class=\"elementor-element elementor-element-f8de1ea elementor-widget elementor-widget-text-editor\" data-id=\"f8de1ea\" data-element_type=\"widget\" data-widget_type=\"text-editor.default\"><div class=\"elementor-widget-container\"><div class=\"title-subtitle subtitle-color-primary subtitle-style-default wd-fontsize-xs\"><div class=\"elementor-element elementor-element-7b2f054 elementor-widget elementor-widget-text-editor animated fadeIn\" data-id=\"7b2f054\" data-element_type=\"widget\" data-settings=\"{&quot;_animation&quot;:&quot;fadeIn&quot;}\" data-widget_type=\"text-editor.default\"><div class=\"elementor-widget-container\"><p>Copyright \u00a9 2025 \u00a0Offersiptv.com All Rights Reserved.<\/p><\/div><\/div><\/div><\/div><\/div><div class=\"elementor-element elementor-element-fe66b53 elementor-widget__width-initial elementor-absolute elementor-widget elementor-widget-spacer\" data-id=\"fe66b53\" data-element_type=\"widget\" data-settings=\"{&quot;_position&quot;:&quot;absolute&quot;}\" data-widget_type=\"spacer.default\"><div class=\"elementor-widget-container\"><div class=\"elementor-spacer\">\u00a0<\/div><\/div><\/div>\t\t\t\t\t\t\t\t<\/div>\n\t\t\t\t<\/div>\n\t\t\t\t<\/div>\n\t\t\t\t\t<\/div>\n\t\t\t\t<\/div>\n\t\t<div class=\"elementor-element elementor-element-1fd17c0 e-flex e-con-boxed e-con e-parent\" data-id=\"1fd17c0\" data-element_type=\"container\" data-e-type=\"container\" data-settings=\"{&quot;background_background&quot;:&quot;classic&quot;}\">\n\t\t\t\t\t<div class=\"e-con-inner\">\n\t\t\t\t\t<\/div>\n\t\t\t\t<\/div>\n\t\t\t\t<\/div>","protected":false},"excerpt":{"rendered":"<p>Home Pricing Channels List FAQs Contact Us X WhatsApp Checkout Billing Information 24\/7 Support ! Always here for you with 24\/7 support ! 100% safe transactions 100% Money back Guarantee Copyright \u00a9 2025 \u00a0Offersiptv.com All Rights Reserved. \u00a0<\/p>","protected":false},"author":1,"featured_media":0,"parent":0,"menu_order":0,"comment_status":"closed","ping_status":"closed","template":"elementor_canvas","meta":{"footnotes":""},"class_list":["post-11670","page","type-page","status-publish","hentry"],"_links":{"self":[{"href":"https:\/\/offersiptv.com\/pl\/wp-json\/wp\/v2\/pages\/11670","targetHints":{"allow":["GET"]}}],"collection":[{"href":"https:\/\/offersiptv.com\/pl\/wp-json\/wp\/v2\/pages"}],"about":[{"href":"https:\/\/offersiptv.com\/pl\/wp-json\/wp\/v2\/types\/page"}],"author":[{"embeddable":true,"href":"https:\/\/offersiptv.com\/pl\/wp-json\/wp\/v2\/users\/1"}],"replies":[{"embeddable":true,"href":"https:\/\/offersiptv.com\/pl\/wp-json\/wp\/v2\/comments?post=11670"}],"version-history":[{"count":0,"href":"https:\/\/offersiptv.com\/pl\/wp-json\/wp\/v2\/pages\/11670\/revisions"}],"wp:attachment":[{"href":"https:\/\/offersiptv.com\/pl\/wp-json\/wp\/v2\/media?parent=11670"}],"curies":[{"name":"wp","href":"https:\/\/api.w.org\/{rel}","templated":true}]}}